{"id":168,"date":"2021-02-18T10:44:06","date_gmt":"2021-02-18T10:44:06","guid":{"rendered":"https:\/\/gbv-haidhof-riedenburg.de\/?page_id=168"},"modified":"2021-02-18T10:53:12","modified_gmt":"2021-02-18T10:53:12","slug":"podcast-tipps","status":"publish","type":"page","link":"https:\/\/gbv-haidhof-riedenburg.de\/?page_id=168","title":{"rendered":"Podcast-Tipps"},"content":{"rendered":"\n<hr class=\"wp-block-separator\"\/>\n\n\n\n<div class=\"wp-block-media-text alignwide\" style=\"grid-template-columns:31% auto\"><figure class=\"wp-block-media-text__media\"><a href=\"https:\/\/gartenradio.fm\/\" target=\"_blank\" rel=\"noopener\"><img loading=\"lazy\" decoding=\"async\" width=\"200\" height=\"192\" src=\"https:\/\/gbv-haidhof-riedenburg.de\/wp-content\/uploads\/2019\/04\/part.jpeg\" alt=\"\" class=\"wp-image-171 size-full\"\/><\/a><\/figure><div class=\"wp-block-media-text__content\">\n<p>Hier geht&#8217;s zum Gartenradio &#8211; viele gro\u00dfartige Beitr\u00e4ge zum Thema Garten! <\/p>\n\n\n\n<h4 class=\"wp-block-heading\"><a href=\"http:\/\/gartenradio.fm\/\">Gartenradio.fm<\/a><\/h4>\n<\/div><\/div>\n\n\n\n<hr class=\"wp-block-separator\"\/>\n\n\n\n<p>&#8222;Komm mit in den Garten &#8211; Vom Anf\u00e4nger zum Auskenner&#8220; &#8211; der MDR-Podcast f\u00fcr Gartenneulinge:<br><a rel=\"noreferrer noopener\" href=\"https:\/\/www.ardaudiothek.de\/komm-mit-in-den-garten\/85685590\" target=\"_blank\">https:\/\/www.ardaudiothek.de\/komm-mit-in-den-garten\/85685590<\/a><\/p>\n\n\n\n<hr class=\"wp-block-separator\"\/>\n\n\n\n<p>Der BBC-Podcast &#8222;Gardeners&#8216; Question Time&#8220; &#8211; Experten beantworten Gartenfragen (englischsprachig):<br><a rel=\"noreferrer noopener\" href=\"https:\/\/www.bbc.co.uk\/programmes\/m000rwww\" target=\"_blank\">https:\/\/www.bbc.co.uk\/programmes\/m000rwww<\/a><\/p>\n","protected":false},"excerpt":{"rendered":"<p>Hier geht&#8217;s zum Gartenradio &#8211; viele gro\u00dfartige Beitr\u00e4ge zum Thema Garten! Gartenradio.fm &#8222;Komm mit in den Garten &#8211; Vom Anf\u00e4nger zum Auskenner&#8220; &#8211; der MDR-Podcast f\u00fcr Gartenneulinge:https:\/\/www.ardaudiothek.de\/komm-mit-in-den-garten\/85685590 Der BBC-Podcast &#8222;Gardeners&#8216; Question Time&#8220; &#8211; Experten beantworten Gartenfragen (englischsprachig):https:\/\/www.bbc.co.uk\/programmes\/m000rwww<\/p>\n","protected":false},"author":1,"featured_media":215,"parent":693,"menu_order":0,"comment_status":"closed","ping_status":"closed","template":"","meta":{"footnotes":""},"class_list":["post-168","page","type-page","status-publish","has-post-thumbnail","hentry","with-featured-image"],"_links":{"self":[{"href":"https:\/\/gbv-haidhof-riedenburg.de\/index.php?rest_route=\/wp\/v2\/pages\/168","targetHints":{"allow":["GET"]}}],"collection":[{"href":"https:\/\/gbv-haidhof-riedenburg.de\/index.php?rest_route=\/wp\/v2\/pages"}],"about":[{"href":"https:\/\/gbv-haidhof-riedenburg.de\/index.php?rest_route=\/wp\/v2\/types\/page"}],"author":[{"embeddable":true,"href":"https:\/\/gbv-haidhof-riedenburg.de\/index.php?rest_route=\/wp\/v2\/users\/1"}],"replies":[{"embeddable":true,"href":"https:\/\/gbv-haidhof-riedenburg.de\/index.php?rest_route=%2Fwp%2Fv2%2Fcomments&post=168"}],"version-history":[{"count":12,"href":"https:\/\/gbv-haidhof-riedenburg.de\/index.php?rest_route=\/wp\/v2\/pages\/168\/revisions"}],"predecessor-version":[{"id":736,"href":"https:\/\/gbv-haidhof-riedenburg.de\/index.php?rest_route=\/wp\/v2\/pages\/168\/revisions\/736"}],"up":[{"embeddable":true,"href":"https:\/\/gbv-haidhof-riedenburg.de\/index.php?rest_route=\/wp\/v2\/pages\/693"}],"wp:featuredmedia":[{"embeddable":true,"href":"https:\/\/gbv-haidhof-riedenburg.de\/index.php?rest_route=\/wp\/v2\/media\/215"}],"wp:attachment":[{"href":"https:\/\/gbv-haidhof-riedenburg.de\/index.php?rest_route=%2Fwp%2Fv2%2Fmedia&parent=168"}],"curies":[{"name":"wp","href":"https:\/\/api.w.org\/{rel}","templated":true}]}}