{"id":54,"date":"2019-03-18T11:36:52","date_gmt":"2019-03-18T11:36:52","guid":{"rendered":"https:\/\/gbv-haidhof-riedenburg.de\/?page_id=54"},"modified":"2023-03-24T10:49:27","modified_gmt":"2023-03-24T10:49:27","slug":"mitglied-werden","status":"publish","type":"page","link":"https:\/\/gbv-haidhof-riedenburg.de\/?page_id=54","title":{"rendered":"Mitglied werden"},"content":{"rendered":"\n<p>Wir sind eine Gemeinschaft von \u00fcber 150 Gartenfreunden und freuen uns stets \u00fcber neue Mitglieder!<br>Wir bieten unseren Mitgliedern ein vielf\u00e4ltiges Fachprogramm, aber auch gesellige Veranstaltungen und Praktisches wie z.B. einen Maschinen- und Ger\u00e4teverleih, Ausfl\u00fcge, verg\u00fcnstigte Eintrittspreise zu Gartenschauen und Fachvortr\u00e4ge.<\/p>\n\n\n\n<p><strong>Unser Jahresmitgliedsbeitrag betr\u00e4gt 20,- Euro<\/strong>. Darin enthalten ist ein Abonnement der monatlich erscheinenden Fachzeitschrift &#8222;Der praktische Gartenratgeber&#8220; des Obst- und Gartenbauverlages M\u00fcnchen.<\/p>\n\n\n\n<p>Haben wir Dein Interesse an unserem Verein geweckt? Dann freuen wir uns, wenn Du mit uns Kontakt aufnehmen oder wir Dich direkt als Mitglied begr\u00fc\u00dfen d\u00fcrfen. Einfach Beitrittserkl\u00e4rung ausdrucken, ausf\u00fcllen und an uns schicken:<\/p>\n\n\n\n<p>Gartenbauverein Haidhof-Riedenburg e.V.<br>Irisweg 9<br>93339 Riedenburg<\/p>\n\n\n\n<div class=\"wp-block-file alignleft\"><a id=\"wp-block-file--media-638b21b0-8ef6-4b1f-b82f-ead83aaa8070\" href=\"https:\/\/gbv-haidhof-riedenburg.de\/wp-content\/uploads\/2023\/03\/Beitrittserklaerung.pdf\">Beitrittserklaerung<\/a><a href=\"https:\/\/gbv-haidhof-riedenburg.de\/wp-content\/uploads\/2023\/03\/Beitrittserklaerung.pdf\" class=\"wp-block-file__button wp-element-button\" download aria-describedby=\"wp-block-file--media-638b21b0-8ef6-4b1f-b82f-ead83aaa8070\">Herunterladen<\/a><\/div>\n\n\n\n<p><\/p>\n","protected":false},"excerpt":{"rendered":"<p>Wir sind eine Gemeinschaft von \u00fcber 150 Gartenfreunden und freuen uns stets \u00fcber neue Mitglieder!Wir bieten unseren Mitgliedern ein vielf\u00e4ltiges Fachprogramm, aber auch gesellige Veranstaltungen und Praktisches wie z.B. einen Maschinen- und Ger\u00e4teverleih, Ausfl\u00fcge, verg\u00fcnstigte Eintrittspreise zu Gartenschauen und Fachvortr\u00e4ge. Unser Jahresmitgliedsbeitrag betr\u00e4gt 20,- Euro. Darin enthalten ist ein Abonnement der monatlich erscheinenden Fachzeitschrift &#8222;Der <a class=\"read-more\" href=\"https:\/\/gbv-haidhof-riedenburg.de\/?page_id=54\">Read More<\/a><\/p>\n","protected":false},"author":1,"featured_media":19,"parent":72,"menu_order":1,"comment_status":"closed","ping_status":"closed","template":"","meta":{"footnotes":""},"class_list":["post-54","page","type-page","status-publish","has-post-thumbnail","hentry","with-featured-image"],"_links":{"self":[{"href":"https:\/\/gbv-haidhof-riedenburg.de\/index.php?rest_route=\/wp\/v2\/pages\/54","targetHints":{"allow":["GET"]}}],"collection":[{"href":"https:\/\/gbv-haidhof-riedenburg.de\/index.php?rest_route=\/wp\/v2\/pages"}],"about":[{"href":"https:\/\/gbv-haidhof-riedenburg.de\/index.php?rest_route=\/wp\/v2\/types\/page"}],"author":[{"embeddable":true,"href":"https:\/\/gbv-haidhof-riedenburg.de\/index.php?rest_route=\/wp\/v2\/users\/1"}],"replies":[{"embeddable":true,"href":"https:\/\/gbv-haidhof-riedenburg.de\/index.php?rest_route=%2Fwp%2Fv2%2Fcomments&post=54"}],"version-history":[{"count":7,"href":"https:\/\/gbv-haidhof-riedenburg.de\/index.php?rest_route=\/wp\/v2\/pages\/54\/revisions"}],"predecessor-version":[{"id":1324,"href":"https:\/\/gbv-haidhof-riedenburg.de\/index.php?rest_route=\/wp\/v2\/pages\/54\/revisions\/1324"}],"up":[{"embeddable":true,"href":"https:\/\/gbv-haidhof-riedenburg.de\/index.php?rest_route=\/wp\/v2\/pages\/72"}],"wp:featuredmedia":[{"embeddable":true,"href":"https:\/\/gbv-haidhof-riedenburg.de\/index.php?rest_route=\/wp\/v2\/media\/19"}],"wp:attachment":[{"href":"https:\/\/gbv-haidhof-riedenburg.de\/index.php?rest_route=%2Fwp%2Fv2%2Fmedia&parent=54"}],"curies":[{"name":"wp","href":"https:\/\/api.w.org\/{rel}","templated":true}]}}