{"id":579,"date":"2021-01-24T17:34:37","date_gmt":"2021-01-24T17:34:37","guid":{"rendered":"https:\/\/gbv-haidhof-riedenburg.de\/?page_id=579"},"modified":"2021-02-13T12:53:00","modified_gmt":"2021-02-13T12:53:00","slug":"netiquette","status":"publish","type":"page","link":"https:\/\/gbv-haidhof-riedenburg.de\/?page_id=579","title":{"rendered":"Netiquette"},"content":{"rendered":"\n<ol class=\"wp-block-list\"><li>Denke daran, dass sich auf der anderen Seite des Bildschirms auch ein Mensch befindet. Wenn du jemandem etwas im &#8218;echten&#8216; Leben nicht ins Gesicht sagen w\u00fcrdest, dann ist es sicher besser das auch hier nicht zu tun.<\/li><li>Wenn du w\u00fctend bist, dann w\u00e4re es sch\u00f6n, wenn du erst einmal einen klaren Kopf bekommst bevor du vielleicht im Affekt etwas postest was beleidigend sein k\u00f6nnte.<\/li><li>Denke nach, bevor du schreibst und lese das Getippte noch einmal durch, bevor du auf Senden-Knopf dr\u00fcckst.<\/li><li>Bitte benutze keine beleidigenden W\u00f6rter und schreibe nichts, was andere oder uns in unseren Pers\u00f6nlichkeitsrechten verletzt.<\/li><li>Verstecke dich bitte nicht hinter der Anonymit\u00e4t. Benutze bitte deinen richtigen Namen.<\/li><li>Im World Wide Web hat sich das pers\u00f6nliche \u201c<em>DU<\/em>\u201d durchgesetzt. Wir dutzen uns alle hier, daher nehme es bitte nicht pers\u00f6nlich, wenn du nicht gesiezt wirst.<\/li><li>Schimpfworte sind hier absolut tabu.<\/li><li>Diskriminierung, sexistische oder rassistische Spr\u00fcche sind auch tabu!<\/li><li>Ironische Bemerkungen k\u00f6nnen leider im Netz zu Missverst\u00e4ndnisse f\u00fchren. Daher raten wir dir, diese auch wohl zu dosieren.<\/li><li>Wenn euch jemand \u201cbl\u00f6d kommt\u201d: bitte nicht, bis ins Detail hier alles ausdiskutieren. Entweder \u201cgut sein lassen\u201d oder in einem pers\u00f6nlichen Gespr\u00e4ch mit dieser Person kl\u00e4ren.&nbsp;Denke daran, dass nicht die gesamte Netzgemeinde euren pers\u00f6nliche Schlagabtausch lesen und verfolgen m\u00f6chte.<\/li><li>Tabu sind auch pers\u00f6nliche Daten, Telefonnummern oder Werbung auf unserer Seite.<\/li><li>Wir behalten uns vor Menschen, die sich nicht an unsere Netiquette-Regeln halten zu sperren.<\/li><\/ol>\n","protected":false},"excerpt":{"rendered":"<p>Denke daran, dass sich auf der anderen Seite des Bildschirms auch ein Mensch befindet. Wenn du jemandem etwas im &#8218;echten&#8216; Leben nicht ins Gesicht sagen w\u00fcrdest, dann ist es sicher besser das auch hier nicht zu tun. Wenn du w\u00fctend bist, dann w\u00e4re es sch\u00f6n, wenn du erst einmal einen klaren Kopf bekommst bevor du <a class=\"read-more\" href=\"https:\/\/gbv-haidhof-riedenburg.de\/?page_id=579\">Read More<\/a><\/p>\n","protected":false},"author":1,"featured_media":0,"parent":72,"menu_order":7,"comment_status":"closed","ping_status":"closed","template":"","meta":{"footnotes":""},"class_list":["post-579","page","type-page","status-publish","hentry","without-featured-image"],"_links":{"self":[{"href":"https:\/\/gbv-haidhof-riedenburg.de\/index.php?rest_route=\/wp\/v2\/pages\/579","targetHints":{"allow":["GET"]}}],"collection":[{"href":"https:\/\/gbv-haidhof-riedenburg.de\/index.php?rest_route=\/wp\/v2\/pages"}],"about":[{"href":"https:\/\/gbv-haidhof-riedenburg.de\/index.php?rest_route=\/wp\/v2\/types\/page"}],"author":[{"embeddable":true,"href":"https:\/\/gbv-haidhof-riedenburg.de\/index.php?rest_route=\/wp\/v2\/users\/1"}],"replies":[{"embeddable":true,"href":"https:\/\/gbv-haidhof-riedenburg.de\/index.php?rest_route=%2Fwp%2Fv2%2Fcomments&post=579"}],"version-history":[{"count":4,"href":"https:\/\/gbv-haidhof-riedenburg.de\/index.php?rest_route=\/wp\/v2\/pages\/579\/revisions"}],"predecessor-version":[{"id":594,"href":"https:\/\/gbv-haidhof-riedenburg.de\/index.php?rest_route=\/wp\/v2\/pages\/579\/revisions\/594"}],"up":[{"embeddable":true,"href":"https:\/\/gbv-haidhof-riedenburg.de\/index.php?rest_route=\/wp\/v2\/pages\/72"}],"wp:attachment":[{"href":"https:\/\/gbv-haidhof-riedenburg.de\/index.php?rest_route=%2Fwp%2Fv2%2Fmedia&parent=579"}],"curies":[{"name":"wp","href":"https:\/\/api.w.org\/{rel}","templated":true}]}}