{"id":617,"date":"2021-01-28T10:40:42","date_gmt":"2021-01-28T10:40:42","guid":{"rendered":"https:\/\/gbv-haidhof-riedenburg.de\/?page_id=617"},"modified":"2026-02-14T16:58:13","modified_gmt":"2026-02-14T16:58:13","slug":"naturgartenzertifizierung","status":"publish","type":"page","link":"https:\/\/gbv-haidhof-riedenburg.de\/?page_id=617","title":{"rendered":"Naturgartenzertifizierung"},"content":{"rendered":"\n<p>Haben Sie bereits einen <a href=\"https:\/\/www.gartenbauvereine.org\/texte\/seite.php?id=694929\" data-type=\"link\" data-id=\"https:\/\/www.gartenbauvereine.org\/texte\/seite.php?id=694929\" target=\"_blank\" rel=\"noreferrer noopener\">Naturgarten<\/a>, naturnahen Garten oder einen vielf\u00e4ltig belebten Garten? Wie Sie auch Ihren Garten bezeichnen, setzen Sie mit der Naturgartenplakette ein sichtbares Zeichen f\u00fcr die nachhaltige und \u00f6kologische Bewirtschaftung und vielf\u00e4ltige Gestaltung.<br>Die Auszeichnung wird Ihnen nach einer <a href=\"https:\/\/www.gartenbauvereine.org\/texte\/seite.php?id=694929\" data-type=\"URL\" data-id=\"https:\/\/www.gartenbauvereine.org\/service\/gartenzertifizierung\/\" target=\"_blank\" rel=\"noreferrer noopener\">Gartenzertifizierung<\/a> (Gartenbegehung mit Gartenberatung) entsprechend bestimmter Kriterien verliehen. <a href=\"https:\/\/www.gartenbauvereine.org\/texte\/seite.php?id=694929\" data-type=\"URL\" data-id=\"https:\/\/www.gartenbauvereine.org\/service\/gartenzertifizierung\/\" target=\"_blank\" rel=\"noreferrer noopener\">Weitere Informationen<\/a> dazu finden Sie auf den Seiten des <a href=\"https:\/\/www.gartenbauvereine.org\/service\/gartenzertifizierung\/\" data-type=\"URL\" data-id=\"https:\/\/www.gartenbauvereine.org\/service\/gartenzertifizierung\/\" target=\"_blank\" rel=\"noreferrer noopener\">Landesverbands<\/a>:<br><a href=\"https:\/\/www.gartenbauvereine.org\/texte\/seite.php?id=694929\" target=\"_blank\" rel=\"noreferrer noopener\">https:\/\/www.gartenbauvereine.org\/texte\/seite.php?id=694929<\/a><\/p>\n\n\n\n<p>In Haidhof gibt es inzwischen 5 zertifizierte Naturg\u00e4rten! Ich w\u00fcrde mich freuen, wenn sich weitere Vereinsmitglieder und Gartenfreunde anschlie\u00dfen!<\/p>\n","protected":false},"excerpt":{"rendered":"<p>Haben Sie bereits einen Naturgarten, naturnahen Garten oder einen vielf\u00e4ltig belebten Garten? Wie Sie auch Ihren Garten bezeichnen, setzen Sie mit der Naturgartenplakette ein sichtbares Zeichen f\u00fcr die nachhaltige und \u00f6kologische Bewirtschaftung und vielf\u00e4ltige Gestaltung.Die Auszeichnung wird Ihnen nach einer Gartenzertifizierung (Gartenbegehung mit Gartenberatung) entsprechend bestimmter Kriterien verliehen. Weitere Informationen dazu finden Sie auf den <a class=\"read-more\" href=\"https:\/\/gbv-haidhof-riedenburg.de\/?page_id=617\">Read More<\/a><\/p>\n","protected":false},"author":1,"featured_media":550,"parent":621,"menu_order":5,"comment_status":"closed","ping_status":"closed","template":"","meta":{"footnotes":""},"class_list":["post-617","page","type-page","status-publish","has-post-thumbnail","hentry","with-featured-image"],"_links":{"self":[{"href":"https:\/\/gbv-haidhof-riedenburg.de\/index.php?rest_route=\/wp\/v2\/pages\/617","targetHints":{"allow":["GET"]}}],"collection":[{"href":"https:\/\/gbv-haidhof-riedenburg.de\/index.php?rest_route=\/wp\/v2\/pages"}],"about":[{"href":"https:\/\/gbv-haidhof-riedenburg.de\/index.php?rest_route=\/wp\/v2\/types\/page"}],"author":[{"embeddable":true,"href":"https:\/\/gbv-haidhof-riedenburg.de\/index.php?rest_route=\/wp\/v2\/users\/1"}],"replies":[{"embeddable":true,"href":"https:\/\/gbv-haidhof-riedenburg.de\/index.php?rest_route=%2Fwp%2Fv2%2Fcomments&post=617"}],"version-history":[{"count":12,"href":"https:\/\/gbv-haidhof-riedenburg.de\/index.php?rest_route=\/wp\/v2\/pages\/617\/revisions"}],"predecessor-version":[{"id":1733,"href":"https:\/\/gbv-haidhof-riedenburg.de\/index.php?rest_route=\/wp\/v2\/pages\/617\/revisions\/1733"}],"up":[{"embeddable":true,"href":"https:\/\/gbv-haidhof-riedenburg.de\/index.php?rest_route=\/wp\/v2\/pages\/621"}],"wp:featuredmedia":[{"embeddable":true,"href":"https:\/\/gbv-haidhof-riedenburg.de\/index.php?rest_route=\/wp\/v2\/media\/550"}],"wp:attachment":[{"href":"https:\/\/gbv-haidhof-riedenburg.de\/index.php?rest_route=%2Fwp%2Fv2%2Fmedia&parent=617"}],"curies":[{"name":"wp","href":"https:\/\/api.w.org\/{rel}","templated":true}]}}