{"id":631,"date":"2021-01-28T12:48:33","date_gmt":"2021-01-28T12:48:33","guid":{"rendered":"https:\/\/gbv-haidhof-riedenburg.de\/?page_id=631"},"modified":"2021-02-18T10:45:47","modified_gmt":"2021-02-18T10:45:47","slug":"kreisfachberatung","status":"publish","type":"page","link":"https:\/\/gbv-haidhof-riedenburg.de\/?page_id=631","title":{"rendered":"Kreisfachberatung"},"content":{"rendered":"\n<p>Die Kreisfachberater f\u00fcr Gartenkultur und Landespflege unterst\u00fctzen den Landkreis, die Gemeinden und die Bev\u00f6lkerung mit Fachwissen und Kompetenz bei allen Fragen zum Thema &#8222;Gr\u00fcn&#8220;. Dabei steht der Umwelt- und Naturschutz immer an oberer Stelle. Auch private G\u00e4rten pr\u00e4gen das Landsschafts- und Ortsbild wesentlich, daher erteilen die Kreisfachberater auch Auskunft zu einer umweltgerechten Anlage und Pflege von Hausg\u00e4rten.<br>Auch wir als Gartenbauverein arbeiten eng zusammen mit der Kreisfachberatung des Landkreis Kelheim. <br>Mehr Informationen zu den Aufgabengebieten der Kreisfachberatung  und Kontaktinfos finden Sie hier:<br><a href=\"https:\/\/www.gartenbauvereine-landkreis-kelheim.de\/web\/kreisverband\/kreisfachberatung\/\" target=\"_blank\" rel=\"noreferrer noopener\">https:\/\/www.gartenbauvereine-landkreis-kelheim.de\/web\/kreisverband\/kreisfachberatung\/<\/a><\/p>\n","protected":false},"excerpt":{"rendered":"<p>Die Kreisfachberater f\u00fcr Gartenkultur und Landespflege unterst\u00fctzen den Landkreis, die Gemeinden und die Bev\u00f6lkerung mit Fachwissen und Kompetenz bei allen Fragen zum Thema &#8222;Gr\u00fcn&#8220;. Dabei steht der Umwelt- und Naturschutz immer an oberer Stelle. Auch private G\u00e4rten pr\u00e4gen das Landsschafts- und Ortsbild wesentlich, daher erteilen die Kreisfachberater auch Auskunft zu einer umweltgerechten Anlage und Pflege <a class=\"read-more\" href=\"https:\/\/gbv-haidhof-riedenburg.de\/?page_id=631\">Read More<\/a><\/p>\n","protected":false},"author":1,"featured_media":0,"parent":621,"menu_order":3,"comment_status":"closed","ping_status":"closed","template":"","meta":{"footnotes":""},"class_list":["post-631","page","type-page","status-publish","hentry","without-featured-image"],"_links":{"self":[{"href":"https:\/\/gbv-haidhof-riedenburg.de\/index.php?rest_route=\/wp\/v2\/pages\/631","targetHints":{"allow":["GET"]}}],"collection":[{"href":"https:\/\/gbv-haidhof-riedenburg.de\/index.php?rest_route=\/wp\/v2\/pages"}],"about":[{"href":"https:\/\/gbv-haidhof-riedenburg.de\/index.php?rest_route=\/wp\/v2\/types\/page"}],"author":[{"embeddable":true,"href":"https:\/\/gbv-haidhof-riedenburg.de\/index.php?rest_route=\/wp\/v2\/users\/1"}],"replies":[{"embeddable":true,"href":"https:\/\/gbv-haidhof-riedenburg.de\/index.php?rest_route=%2Fwp%2Fv2%2Fcomments&post=631"}],"version-history":[{"count":2,"href":"https:\/\/gbv-haidhof-riedenburg.de\/index.php?rest_route=\/wp\/v2\/pages\/631\/revisions"}],"predecessor-version":[{"id":633,"href":"https:\/\/gbv-haidhof-riedenburg.de\/index.php?rest_route=\/wp\/v2\/pages\/631\/revisions\/633"}],"up":[{"embeddable":true,"href":"https:\/\/gbv-haidhof-riedenburg.de\/index.php?rest_route=\/wp\/v2\/pages\/621"}],"wp:attachment":[{"href":"https:\/\/gbv-haidhof-riedenburg.de\/index.php?rest_route=%2Fwp%2Fv2%2Fmedia&parent=631"}],"curies":[{"name":"wp","href":"https:\/\/api.w.org\/{rel}","templated":true}]}}