{"id":634,"date":"2021-01-28T13:52:16","date_gmt":"2021-01-28T13:52:16","guid":{"rendered":"https:\/\/gbv-haidhof-riedenburg.de\/?page_id=634"},"modified":"2021-02-18T10:46:47","modified_gmt":"2021-02-18T10:46:47","slug":"vielfaltsmacher","status":"publish","type":"page","link":"https:\/\/gbv-haidhof-riedenburg.de\/?page_id=634","title":{"rendered":"Vielfaltsmacher"},"content":{"rendered":"\n<p>Die &#8222;Vielfaltsmacher&#8220; sind ein richtig sch\u00f6nes Projekt des Landesverbandes f\u00fcr Gartenbau und Landespflege e.V.<br>Ziel des Projekts mit der <a rel=\"noreferrer noopener\" href=\"https:\/\/www.vielfaltsmacher.de\/\" data-type=\"URL\" data-id=\"https:\/\/www.vielfaltsmacher.de\/\" target=\"_blank\">Webseite<\/a> als Herzst\u00fcck ist es, wieder mehr Artenvielfalt in private G\u00e4rten  zu bringen. Die <a rel=\"noreferrer noopener\" href=\"https:\/\/www.vielfaltsmacher.de\/\" data-type=\"URL\" data-id=\"https:\/\/www.vielfaltsmacher.de\/\" target=\"_blank\">Vielfaltsmacher-Website<\/a> bietet jede Menge Inspiration, Tipps, Infomaterial, Buchempfehlungen, Seminare, Termine und vieles mehr zum Thema Vielfalt im Garten. Dar\u00fcberhinaus sind dort viele Positiv-Beispiele und Projekte von &#8222;Vielfaltsmachern&#8220; dokumentiert und es lohnt sich ausgiebig dort zu st\u00f6bern! <br>Hier geht&#8217;s zur Vielfaltsmacher-Website:<br><a href=\"https:\/\/www.vielfaltsmacher.de\/\" target=\"_blank\" rel=\"noreferrer noopener\">https:\/\/www.vielfaltsmacher.de\/<\/a><\/p>\n","protected":false},"excerpt":{"rendered":"<p>Die &#8222;Vielfaltsmacher&#8220; sind ein richtig sch\u00f6nes Projekt des Landesverbandes f\u00fcr Gartenbau und Landespflege e.V.Ziel des Projekts mit der Webseite als Herzst\u00fcck ist es, wieder mehr Artenvielfalt in private G\u00e4rten zu bringen. Die Vielfaltsmacher-Website bietet jede Menge Inspiration, Tipps, Infomaterial, Buchempfehlungen, Seminare, Termine und vieles mehr zum Thema Vielfalt im Garten. Dar\u00fcberhinaus sind dort viele Positiv-Beispiele <a class=\"read-more\" href=\"https:\/\/gbv-haidhof-riedenburg.de\/?page_id=634\">Read More<\/a><\/p>\n","protected":false},"author":1,"featured_media":639,"parent":621,"menu_order":6,"comment_status":"closed","ping_status":"closed","template":"","meta":{"footnotes":""},"class_list":["post-634","page","type-page","status-publish","has-post-thumbnail","hentry","with-featured-image"],"_links":{"self":[{"href":"https:\/\/gbv-haidhof-riedenburg.de\/index.php?rest_route=\/wp\/v2\/pages\/634","targetHints":{"allow":["GET"]}}],"collection":[{"href":"https:\/\/gbv-haidhof-riedenburg.de\/index.php?rest_route=\/wp\/v2\/pages"}],"about":[{"href":"https:\/\/gbv-haidhof-riedenburg.de\/index.php?rest_route=\/wp\/v2\/types\/page"}],"author":[{"embeddable":true,"href":"https:\/\/gbv-haidhof-riedenburg.de\/index.php?rest_route=\/wp\/v2\/users\/1"}],"replies":[{"embeddable":true,"href":"https:\/\/gbv-haidhof-riedenburg.de\/index.php?rest_route=%2Fwp%2Fv2%2Fcomments&post=634"}],"version-history":[{"count":4,"href":"https:\/\/gbv-haidhof-riedenburg.de\/index.php?rest_route=\/wp\/v2\/pages\/634\/revisions"}],"predecessor-version":[{"id":642,"href":"https:\/\/gbv-haidhof-riedenburg.de\/index.php?rest_route=\/wp\/v2\/pages\/634\/revisions\/642"}],"up":[{"embeddable":true,"href":"https:\/\/gbv-haidhof-riedenburg.de\/index.php?rest_route=\/wp\/v2\/pages\/621"}],"wp:featuredmedia":[{"embeddable":true,"href":"https:\/\/gbv-haidhof-riedenburg.de\/index.php?rest_route=\/wp\/v2\/media\/639"}],"wp:attachment":[{"href":"https:\/\/gbv-haidhof-riedenburg.de\/index.php?rest_route=%2Fwp%2Fv2%2Fmedia&parent=634"}],"curies":[{"name":"wp","href":"https:\/\/api.w.org\/{rel}","templated":true}]}}