{"id":655,"date":"2021-01-30T15:14:45","date_gmt":"2021-01-30T15:14:45","guid":{"rendered":"https:\/\/gbv-haidhof-riedenburg.de\/?page_id=655"},"modified":"2021-01-30T15:15:06","modified_gmt":"2021-01-30T15:15:06","slug":"arbeitskreis-pomologie","status":"publish","type":"page","link":"https:\/\/gbv-haidhof-riedenburg.de\/?page_id=655","title":{"rendered":"Arbeitskreis Pomologie"},"content":{"rendered":"\n<p>Der Kreisverband Kelheim hat zusammen mit dem Kreisfachberater des Landkreises den <a rel=\"noreferrer noopener\" href=\"https:\/\/www.gartenbauvereine-landkreis-kelheim.de\/web\/kreisverband\/pomologie-arbeitskreis\/\" data-type=\"URL\" data-id=\"https:\/\/www.gartenbauvereine-landkreis-kelheim.de\/web\/kreisverband\/pomologie-arbeitskreis\/\" target=\"_blank\">Arbeitskreis Pomologie<\/a> ins Leben gerufen. Pomologie ist die Lehre von Obstarten und -sorten. Der Arbeitskreis k\u00fcmmert sich um den Erhalt des Fachwissens und den Erfahrungsaustausch rund um alte Obstsorten. Er organisiert z.B. Obstsortenausstellungen, Kurse, und Sortenverkostungen. Weitere Informationen und Ansprechpartner sind auf der Webseite des Kreisverbandes zu lesen:<br><a rel=\"noreferrer noopener\" href=\"https:\/\/www.gartenbauvereine-landkreis-kelheim.de\/web\/kreisverband\/pomologie-arbeitskreis\/\" target=\"_blank\">https:\/\/www.gartenbauvereine-landkreis-kelheim.de\/web\/kreisverband\/pomologie-arbeitskreis\/<\/a><\/p>\n\n\n\n<p><br>Zweimal j\u00e4hrlich (in Jahren ohne Pandemie..) findet unter Leitung von Arbeitskreissprecher Georg St\u00f6ckl ein Obstbaumschnittkurs in Rohr i. NB statt. N\u00e4here Infos dazu hier:<br><a rel=\"noreferrer noopener\" href=\"https:\/\/www.gartenbauvereine-landkreis-kelheim.de\/web\/veranstaltungen\/obstbaumschnittkurse\" target=\"_blank\">https:\/\/www.gartenbauvereine-landkreis-kelheim.de\/web\/veranstaltungen\/obstbaumschnittkurse<\/a>\/<\/p>\n","protected":false},"excerpt":{"rendered":"<p>Der Kreisverband Kelheim hat zusammen mit dem Kreisfachberater des Landkreises den Arbeitskreis Pomologie ins Leben gerufen. Pomologie ist die Lehre von Obstarten und -sorten. Der Arbeitskreis k\u00fcmmert sich um den Erhalt des Fachwissens und den Erfahrungsaustausch rund um alte Obstsorten. Er organisiert z.B. Obstsortenausstellungen, Kurse, und Sortenverkostungen. Weitere Informationen und Ansprechpartner sind auf der Webseite <a class=\"read-more\" href=\"https:\/\/gbv-haidhof-riedenburg.de\/?page_id=655\">Read More<\/a><\/p>\n","protected":false},"author":1,"featured_media":0,"parent":621,"menu_order":6,"comment_status":"closed","ping_status":"closed","template":"","meta":{"footnotes":""},"class_list":["post-655","page","type-page","status-publish","hentry","without-featured-image"],"_links":{"self":[{"href":"https:\/\/gbv-haidhof-riedenburg.de\/index.php?rest_route=\/wp\/v2\/pages\/655","targetHints":{"allow":["GET"]}}],"collection":[{"href":"https:\/\/gbv-haidhof-riedenburg.de\/index.php?rest_route=\/wp\/v2\/pages"}],"about":[{"href":"https:\/\/gbv-haidhof-riedenburg.de\/index.php?rest_route=\/wp\/v2\/types\/page"}],"author":[{"embeddable":true,"href":"https:\/\/gbv-haidhof-riedenburg.de\/index.php?rest_route=\/wp\/v2\/users\/1"}],"replies":[{"embeddable":true,"href":"https:\/\/gbv-haidhof-riedenburg.de\/index.php?rest_route=%2Fwp%2Fv2%2Fcomments&post=655"}],"version-history":[{"count":4,"href":"https:\/\/gbv-haidhof-riedenburg.de\/index.php?rest_route=\/wp\/v2\/pages\/655\/revisions"}],"predecessor-version":[{"id":659,"href":"https:\/\/gbv-haidhof-riedenburg.de\/index.php?rest_route=\/wp\/v2\/pages\/655\/revisions\/659"}],"up":[{"embeddable":true,"href":"https:\/\/gbv-haidhof-riedenburg.de\/index.php?rest_route=\/wp\/v2\/pages\/621"}],"wp:attachment":[{"href":"https:\/\/gbv-haidhof-riedenburg.de\/index.php?rest_route=%2Fwp%2Fv2%2Fmedia&parent=655"}],"curies":[{"name":"wp","href":"https:\/\/api.w.org\/{rel}","templated":true}]}}