{"id":67,"date":"2019-03-18T11:28:15","date_gmt":"2019-03-18T11:28:15","guid":{"rendered":"https:\/\/gbv-haidhof-riedenburg.de\/?page_id=67"},"modified":"2023-04-08T16:17:18","modified_gmt":"2023-04-08T16:17:18","slug":"vorstand","status":"publish","type":"page","link":"https:\/\/gbv-haidhof-riedenburg.de\/?page_id=67","title":{"rendered":"Vorstand"},"content":{"rendered":"\n<p>Am 17.3.2023 \u00fcbernahmen Marina Fischer (2. von rechts oben) und Klaus H\u00e4ckl  (2. von rechts unten)  das Amt der ersten und des zweiten Vorsitzenden f\u00fcr weitere vier Jahre. Die Vereinskasse verwaltet Inga H\u00e4ckl (2. von links unten) und Carmen Herrlitz (1. von links unten) fungiert als Schriftf\u00fchrerin. Evi Jahl (ganz links mitte), Christiane Schr\u00f6pf (nicht im Bild) und Claudia Zell (2. von rechts oben) stehen uns als BeisitzerInnen mit Rat und Tat zur Seite.<br>Des Weiteren wurden die \u00c4mter der Seniorenbeauftragten (Inge Halser, rechts unten), der Jugendbeauftragten (Evi Jahl) und des Gartenpflegers (Kai S\u00fchlfleisch, ganz oben links) besetzt. <br>Inge Halser wurde aufgrund Ihres langj\u00e4hrigen und enormen Engagements f\u00fcr den Verein zur Ehrenvorsitzenden ernannt.<br>Rechts oben mit im Bild 3. B\u00fcrgermeister der Stadt Riedenburg Wolfgang Wirth.<br><br><\/p>\n","protected":false},"excerpt":{"rendered":"<p>Am 17.3.2023 \u00fcbernahmen Marina Fischer (2. von rechts oben) und Klaus H\u00e4ckl (2. von rechts unten) das Amt der ersten und des zweiten Vorsitzenden f\u00fcr weitere vier Jahre. Die Vereinskasse verwaltet Inga H\u00e4ckl (2. von links unten) und Carmen Herrlitz (1. von links unten) fungiert als Schriftf\u00fchrerin. Evi Jahl (ganz links mitte), Christiane Schr\u00f6pf (nicht <a class=\"read-more\" href=\"https:\/\/gbv-haidhof-riedenburg.de\/?page_id=67\">Read More<\/a><\/p>\n","protected":false},"author":1,"featured_media":1327,"parent":72,"menu_order":2,"comment_status":"closed","ping_status":"closed","template":"","meta":{"footnotes":""},"class_list":["post-67","page","type-page","status-publish","has-post-thumbnail","hentry","with-featured-image"],"_links":{"self":[{"href":"https:\/\/gbv-haidhof-riedenburg.de\/index.php?rest_route=\/wp\/v2\/pages\/67","targetHints":{"allow":["GET"]}}],"collection":[{"href":"https:\/\/gbv-haidhof-riedenburg.de\/index.php?rest_route=\/wp\/v2\/pages"}],"about":[{"href":"https:\/\/gbv-haidhof-riedenburg.de\/index.php?rest_route=\/wp\/v2\/types\/page"}],"author":[{"embeddable":true,"href":"https:\/\/gbv-haidhof-riedenburg.de\/index.php?rest_route=\/wp\/v2\/users\/1"}],"replies":[{"embeddable":true,"href":"https:\/\/gbv-haidhof-riedenburg.de\/index.php?rest_route=%2Fwp%2Fv2%2Fcomments&post=67"}],"version-history":[{"count":7,"href":"https:\/\/gbv-haidhof-riedenburg.de\/index.php?rest_route=\/wp\/v2\/pages\/67\/revisions"}],"predecessor-version":[{"id":1329,"href":"https:\/\/gbv-haidhof-riedenburg.de\/index.php?rest_route=\/wp\/v2\/pages\/67\/revisions\/1329"}],"up":[{"embeddable":true,"href":"https:\/\/gbv-haidhof-riedenburg.de\/index.php?rest_route=\/wp\/v2\/pages\/72"}],"wp:featuredmedia":[{"embeddable":true,"href":"https:\/\/gbv-haidhof-riedenburg.de\/index.php?rest_route=\/wp\/v2\/media\/1327"}],"wp:attachment":[{"href":"https:\/\/gbv-haidhof-riedenburg.de\/index.php?rest_route=%2Fwp%2Fv2%2Fmedia&parent=67"}],"curies":[{"name":"wp","href":"https:\/\/api.w.org\/{rel}","templated":true}]}}