{"id":684,"date":"2021-02-06T17:50:43","date_gmt":"2021-02-06T17:50:43","guid":{"rendered":"https:\/\/gbv-haidhof-riedenburg.de\/?page_id=684"},"modified":"2024-08-30T14:20:14","modified_gmt":"2024-08-30T14:20:14","slug":"kurse-veranstaltungen-der-hochschule-weihenstephan-triesdorf","status":"publish","type":"page","link":"https:\/\/gbv-haidhof-riedenburg.de\/?page_id=684","title":{"rendered":"Kurse der Hochschule Weihenstephan-Triesdorf"},"content":{"rendered":"\n<p>Die <strong><a href=\"https:\/\/www.hswt.de\/hochschule\/hochschule\/veranstaltungen.html\" data-type=\"URL\" data-id=\"https:\/\/www.hswt.de\/hochschule\/hochschule\/veranstaltungen.html\" target=\"_blank\" rel=\"noreferrer noopener\">Hochschule Weihenstephan-Triesdorf<\/a><\/strong> bietet f\u00fcr interessierte Freizeitg\u00e4rtner <strong>Kurse und Veranstaltungen zu vielen Gartenthemen<\/strong> wie z.B. <strong>Veredelung von Obstgeh\u00f6lzen, Kopfveredelung bei Fruchtgem\u00fcse, Obstgeh\u00f6lzschnitt <\/strong>und<strong> Nachhaltig G\u00e4rtnern<\/strong>.<\/p>\n\n\n\n<p><br>Eine \u00dcbersicht ist hier zu finden (nicht alle Angebote richten sich an Freizeitg\u00e4rtner):<br><a rel=\"noreferrer noopener\" href=\"https:\/\/www.hswt.de\/hochschule\/hochschule\/veranstaltungen.html\" target=\"_blank\">https:\/\/www.hswt.de\/hochschule\/hochschule\/veranstaltungen.html<\/a><\/p>\n\n\n\n<p><\/p>\n","protected":false},"excerpt":{"rendered":"<p>Die Hochschule Weihenstephan-Triesdorf bietet f\u00fcr interessierte Freizeitg\u00e4rtner Kurse und Veranstaltungen zu vielen Gartenthemen wie z.B. Veredelung von Obstgeh\u00f6lzen, Kopfveredelung bei Fruchtgem\u00fcse, Obstgeh\u00f6lzschnitt und Nachhaltig G\u00e4rtnern. Eine \u00dcbersicht ist hier zu finden (nicht alle Angebote richten sich an Freizeitg\u00e4rtner):https:\/\/www.hswt.de\/hochschule\/hochschule\/veranstaltungen.html<\/p>\n","protected":false},"author":1,"featured_media":0,"parent":43,"menu_order":6,"comment_status":"closed","ping_status":"closed","template":"","meta":{"footnotes":""},"class_list":["post-684","page","type-page","status-publish","hentry","without-featured-image"],"_links":{"self":[{"href":"https:\/\/gbv-haidhof-riedenburg.de\/index.php?rest_route=\/wp\/v2\/pages\/684","targetHints":{"allow":["GET"]}}],"collection":[{"href":"https:\/\/gbv-haidhof-riedenburg.de\/index.php?rest_route=\/wp\/v2\/pages"}],"about":[{"href":"https:\/\/gbv-haidhof-riedenburg.de\/index.php?rest_route=\/wp\/v2\/types\/page"}],"author":[{"embeddable":true,"href":"https:\/\/gbv-haidhof-riedenburg.de\/index.php?rest_route=\/wp\/v2\/users\/1"}],"replies":[{"embeddable":true,"href":"https:\/\/gbv-haidhof-riedenburg.de\/index.php?rest_route=%2Fwp%2Fv2%2Fcomments&post=684"}],"version-history":[{"count":4,"href":"https:\/\/gbv-haidhof-riedenburg.de\/index.php?rest_route=\/wp\/v2\/pages\/684\/revisions"}],"predecessor-version":[{"id":1577,"href":"https:\/\/gbv-haidhof-riedenburg.de\/index.php?rest_route=\/wp\/v2\/pages\/684\/revisions\/1577"}],"up":[{"embeddable":true,"href":"https:\/\/gbv-haidhof-riedenburg.de\/index.php?rest_route=\/wp\/v2\/pages\/43"}],"wp:attachment":[{"href":"https:\/\/gbv-haidhof-riedenburg.de\/index.php?rest_route=%2Fwp%2Fv2%2Fmedia&parent=684"}],"curies":[{"name":"wp","href":"https:\/\/api.w.org\/{rel}","templated":true}]}}