{"id":728,"date":"2021-02-18T10:56:14","date_gmt":"2021-02-18T10:56:14","guid":{"rendered":"https:\/\/gbv-haidhof-riedenburg.de\/?page_id=728"},"modified":"2021-02-27T11:38:01","modified_gmt":"2021-02-27T11:38:01","slug":"zeigt-uns-eure-gaerten","status":"publish","type":"page","link":"https:\/\/gbv-haidhof-riedenburg.de\/?page_id=728","title":{"rendered":"Aufruf zur Foto-Aktion: Zeigt uns Eure G\u00e4rten!"},"content":{"rendered":"\n<p>Liebe Gartenfreunde,<br>Zeigt uns Eure G\u00e4rten!<br>Wir m\u00f6chten Fotos von Euren liebsten Pl\u00e4tzen im Garten oder auf dem Balkon &#8211; z.B. ein besonders sch\u00f6nes Staudenbeet, Blumenwiese, Hochbeet, Weidentipi, Gartenteich,&nbsp;Insektenhotel, etc. etc. etc.. Ihr selbst d\u00fcrft gerne mit auf&#8217;s Bild, ist aber kein Muss. Wer ein paar Worte zu den Bildern schreiben will, darf das nat\u00fcrlich auch gerne.<\/p>\n\n\n\n<p>Schickt uns das Foto\/die Fotos (ggf. zusammen mit Euren Kommentaren dazu) per Mail an <a rel=\"noreferrer noopener\" href=\"mailto:info@gbv-haidhof-riedenburg.de\" target=\"_blank\">info@gbv-haidhof-riedenburg.de<\/a><br>Wir ver\u00f6ffentlichen die Bilder (und ggf. Kommentare) <a rel=\"noreferrer noopener\" href=\"https:\/\/gbv-haidhof-riedenburg.de\/?page_id=366\" data-type=\"URL\" data-id=\"https:\/\/gbv-haidhof-riedenburg.de\/?page_id=366\" target=\"_blank\">hier<\/a> unter der Rubrik &#8222;<a rel=\"noreferrer noopener\" href=\"https:\/\/gbv-haidhof-riedenburg.de\/?page_id=366\" data-type=\"URL\" data-id=\"https:\/\/gbv-haidhof-riedenburg.de\/?page_id=366\" target=\"_blank\">Blick \u00fcber den Gartenzaun<\/a>&#8220; &#8211; so k\u00f6nnen sich andere Gartenfreunde Ideen und Inspiration f\u00fcr den eigenen Garten holen. <br>Einsendeschluss gibt es keinen, die Aktion findet fortlaufend statt. <a rel=\"noreferrer noopener\" href=\"https:\/\/gbv-haidhof-riedenburg.de\/?page_id=366\" data-type=\"URL\" data-id=\"https:\/\/gbv-haidhof-riedenburg.de\/?page_id=366\" target=\"_blank\">Erste Gartenbilder von Mitgliedern sind bereits online<\/a>!<br><br>Bitte beachtet: Mit dem Einsenden der Fotos und Kommentaren stimmt Ihr der Ver\u00f6ffentlichung auf unserer Homepage und unseren Social-Media-Kan\u00e4len (z.B. Instagram, Facebook,..) zu.<br><br>Wir freuen uns auf Eure G\u00e4rten!<\/p>\n","protected":false},"excerpt":{"rendered":"<p>Liebe Gartenfreunde,Zeigt uns Eure G\u00e4rten!Wir m\u00f6chten Fotos von Euren liebsten Pl\u00e4tzen im Garten oder auf dem Balkon &#8211; z.B. ein besonders sch\u00f6nes Staudenbeet, Blumenwiese, Hochbeet, Weidentipi, Gartenteich,&nbsp;Insektenhotel, etc. etc. etc.. Ihr selbst d\u00fcrft gerne mit auf&#8217;s Bild, ist aber kein Muss. Wer ein paar Worte zu den Bildern schreiben will, darf das nat\u00fcrlich auch gerne. <a class=\"read-more\" href=\"https:\/\/gbv-haidhof-riedenburg.de\/?page_id=728\">Read More<\/a><\/p>\n","protected":false},"author":1,"featured_media":497,"parent":366,"menu_order":0,"comment_status":"closed","ping_status":"closed","template":"","meta":{"footnotes":""},"class_list":["post-728","page","type-page","status-publish","has-post-thumbnail","hentry","with-featured-image"],"_links":{"self":[{"href":"https:\/\/gbv-haidhof-riedenburg.de\/index.php?rest_route=\/wp\/v2\/pages\/728","targetHints":{"allow":["GET"]}}],"collection":[{"href":"https:\/\/gbv-haidhof-riedenburg.de\/index.php?rest_route=\/wp\/v2\/pages"}],"about":[{"href":"https:\/\/gbv-haidhof-riedenburg.de\/index.php?rest_route=\/wp\/v2\/types\/page"}],"author":[{"embeddable":true,"href":"https:\/\/gbv-haidhof-riedenburg.de\/index.php?rest_route=\/wp\/v2\/users\/1"}],"replies":[{"embeddable":true,"href":"https:\/\/gbv-haidhof-riedenburg.de\/index.php?rest_route=%2Fwp%2Fv2%2Fcomments&post=728"}],"version-history":[{"count":5,"href":"https:\/\/gbv-haidhof-riedenburg.de\/index.php?rest_route=\/wp\/v2\/pages\/728\/revisions"}],"predecessor-version":[{"id":746,"href":"https:\/\/gbv-haidhof-riedenburg.de\/index.php?rest_route=\/wp\/v2\/pages\/728\/revisions\/746"}],"up":[{"embeddable":true,"href":"https:\/\/gbv-haidhof-riedenburg.de\/index.php?rest_route=\/wp\/v2\/pages\/366"}],"wp:featuredmedia":[{"embeddable":true,"href":"https:\/\/gbv-haidhof-riedenburg.de\/index.php?rest_route=\/wp\/v2\/media\/497"}],"wp:attachment":[{"href":"https:\/\/gbv-haidhof-riedenburg.de\/index.php?rest_route=%2Fwp%2Fv2%2Fmedia&parent=728"}],"curies":[{"name":"wp","href":"https:\/\/api.w.org\/{rel}","templated":true}]}}