{"id":88,"date":"2019-03-25T14:15:35","date_gmt":"2019-03-25T14:15:35","guid":{"rendered":"https:\/\/gbv-haidhof-riedenburg.de\/?page_id=88"},"modified":"2023-04-11T08:34:14","modified_gmt":"2023-04-11T08:34:14","slug":"satzung","status":"publish","type":"page","link":"https:\/\/gbv-haidhof-riedenburg.de\/?page_id=88","title":{"rendered":"Satzung"},"content":{"rendered":"\n<blockquote class=\"wp-block-quote is-layout-flow wp-block-quote-is-layout-flow\">\n<p><em>&#8222;<strong>Zweck des Vereins:<\/strong><br>(1) Der Verein ist selbstlos t\u00e4tig. Der Verein bezweckt im Rahmen des Obst- und Gartenbaues, die F\u00f6rderung des Landespflege und des Umweltschutzes zur Erhaltung einer sch\u00f6nen Kulturlandschaft und der menschlichen Gesundheit. Der Verein f\u00f6rdert insbesondere die Ortsversch\u00f6nerung und dient damit der Versch\u00f6nerung der Heimat, der Heimatpflege und somit der gesamten Landeskultur. (&#8230;)&#8220;<\/em><\/p>\n<cite>Auszug aus der Vereinssatzung <\/cite><\/blockquote>\n\n\n\n<p><br>Unsere komplette Vereinssatzung steht hier zum Download bereit:<\/p>\n\n\n\n<div class=\"wp-block-file\"><a id=\"wp-block-file--media-a5932c79-0cf5-4e07-9949-05db75599ffd\" href=\"https:\/\/gbv-haidhof-riedenburg.de\/wp-content\/uploads\/2023\/04\/GBV_Satzung_2023_NEU_unterschrieben.pdf\">GBV Satzung<\/a><a href=\"https:\/\/gbv-haidhof-riedenburg.de\/wp-content\/uploads\/2023\/04\/GBV_Satzung_2023_NEU_unterschrieben.pdf\" class=\"wp-block-file__button wp-element-button\" download aria-describedby=\"wp-block-file--media-a5932c79-0cf5-4e07-9949-05db75599ffd\">Herunterladen<\/a><\/div>\n","protected":false},"excerpt":{"rendered":"<p>&#8222;Zweck des Vereins:(1) Der Verein ist selbstlos t\u00e4tig. Der Verein bezweckt im Rahmen des Obst- und Gartenbaues, die F\u00f6rderung des Landespflege und des Umweltschutzes zur Erhaltung einer sch\u00f6nen Kulturlandschaft und der menschlichen Gesundheit. Der Verein f\u00f6rdert insbesondere die Ortsversch\u00f6nerung und dient damit der Versch\u00f6nerung der Heimat, der Heimatpflege und somit der gesamten Landeskultur. (&#8230;)&#8220; Auszug <a class=\"read-more\" href=\"https:\/\/gbv-haidhof-riedenburg.de\/?page_id=88\">Read More<\/a><\/p>\n","protected":false},"author":1,"featured_media":19,"parent":72,"menu_order":3,"comment_status":"closed","ping_status":"closed","template":"","meta":{"footnotes":""},"class_list":["post-88","page","type-page","status-publish","has-post-thumbnail","hentry","with-featured-image"],"_links":{"self":[{"href":"https:\/\/gbv-haidhof-riedenburg.de\/index.php?rest_route=\/wp\/v2\/pages\/88","targetHints":{"allow":["GET"]}}],"collection":[{"href":"https:\/\/gbv-haidhof-riedenburg.de\/index.php?rest_route=\/wp\/v2\/pages"}],"about":[{"href":"https:\/\/gbv-haidhof-riedenburg.de\/index.php?rest_route=\/wp\/v2\/types\/page"}],"author":[{"embeddable":true,"href":"https:\/\/gbv-haidhof-riedenburg.de\/index.php?rest_route=\/wp\/v2\/users\/1"}],"replies":[{"embeddable":true,"href":"https:\/\/gbv-haidhof-riedenburg.de\/index.php?rest_route=%2Fwp%2Fv2%2Fcomments&post=88"}],"version-history":[{"count":4,"href":"https:\/\/gbv-haidhof-riedenburg.de\/index.php?rest_route=\/wp\/v2\/pages\/88\/revisions"}],"predecessor-version":[{"id":1336,"href":"https:\/\/gbv-haidhof-riedenburg.de\/index.php?rest_route=\/wp\/v2\/pages\/88\/revisions\/1336"}],"up":[{"embeddable":true,"href":"https:\/\/gbv-haidhof-riedenburg.de\/index.php?rest_route=\/wp\/v2\/pages\/72"}],"wp:featuredmedia":[{"embeddable":true,"href":"https:\/\/gbv-haidhof-riedenburg.de\/index.php?rest_route=\/wp\/v2\/media\/19"}],"wp:attachment":[{"href":"https:\/\/gbv-haidhof-riedenburg.de\/index.php?rest_route=%2Fwp%2Fv2%2Fmedia&parent=88"}],"curies":[{"name":"wp","href":"https:\/\/api.w.org\/{rel}","templated":true}]}}