{"id":93,"date":"2019-03-27T14:15:55","date_gmt":"2019-03-27T14:15:55","guid":{"rendered":"https:\/\/gbv-haidhof-riedenburg.de\/?page_id=93"},"modified":"2024-05-13T12:52:54","modified_gmt":"2024-05-13T12:52:54","slug":"leihgeraete","status":"publish","type":"page","link":"https:\/\/gbv-haidhof-riedenburg.de\/?page_id=93","title":{"rendered":"Leihger\u00e4te"},"content":{"rendered":"\n<p><strong>Liste der Leihger\u00e4te<\/strong><\/p>\n\n\n\n<p>Geb\u00fchren f\u00fcr das Ausleihen:<br>Mitglieder: 3 \u20ac<br>Nichtmitglieder: 10 \u20ac<br>Benzin: 1 \u20ac<\/p>\n\n\n\n<p><strong>Kontakt Herr Bader   Tel.: 09442 \/ 9063964 <\/strong>oder<strong> 08461 \/ 64 16 27<\/strong><\/p>\n\n\n\n<figure class=\"wp-block-table\"><table><tbody><tr><td> Gro\u00dfer Vertikutierer<\/td><\/tr><tr><td> Kleiner Vertikutierer<\/td><\/tr><tr><td>\nHochdruckreiniger mit Pflasterreiniger (Starkstrom)\n<\/td><\/tr><tr><td> Heckenschere<\/td><\/tr><tr><td>\nHeckenschere (elektrisch Lichtstrom)\n<\/td><\/tr><tr><td>\nH\u00e4cksler (Starkstrom)\n<\/td><\/tr><tr><td> Motorsense gro\u00df <\/td><\/tr><tr><td> Motorsense klein<\/td><\/tr><tr><td> Motorhacke<\/td><\/tr><tr><td>\nPresse (Obst)\n<\/td><\/tr><tr><td>\nElektrische Kettens\u00e4ge (Lichtstrom)\n<\/td><\/tr><tr><td>\nHolzspalter (Starkstrom)\n<\/td><\/tr><tr><td> Spr\u00fchger\u00e4t<\/td><\/tr><tr><td>\nBaumhochentaster (Akku)\n<\/td><\/tr><tr><td>\nTeleskopheckenschere (Akku)\n<\/td><\/tr><tr><td>Fiskars Teleskop Schneidegiraffe<\/td><\/tr><\/tbody><\/table><\/figure>\n\n\n\n<p><strong>Kontakt Frau Jahl   Tel.: 0160 91 88 77 67:<\/strong><\/p>\n\n\n\n<figure class=\"wp-block-table\"><table><tbody><tr><td>\nKaffeemaschine\n<\/td><\/tr><tr><td>\nKaffeehaferl (150 St\u00fcck)\n<\/td><\/tr><tr><td>\nEinkochautomat mit Entsafteraufsatz\n<\/td><\/tr><tr><td>\nSpuckschutz (K\u00fchlung durch Akkus)\n<\/td><\/tr><tr><td>5 Biertischgarnituren (nur f\u00fcr Mitglieder! Ausleihgeb\u00fchr pro Garnitur 2\u20ac)<\/td><\/tr><\/tbody><\/table><\/figure>\n\n\n\n<p><strong>Ausleihordnung:<\/strong><br><\/p>\n\n\n\n<ul class=\"wp-block-list\">\n<li>Telefonische Vereinbarung bei der jeweils angegebenen Telefonnummer.<\/li>\n\n\n\n<li>Im Interesse aller werden die Ger\u00e4te im vereinbarten Zeitraum in ordnungsgem\u00e4\u00dfen Zustand zur\u00fcckgebracht.<\/li>\n\n\n\n<li>Die Ausleihgeb\u00fchr betr\u00e4gt pro Nutzung (ein Gartengrundst\u00fcck eines Mitglieds 3 \u20ac).<\/li>\n\n\n\n<li>F\u00fcr eine Geb\u00fchr von 10 \u20ac werden Ger\u00e4te auch an Nichtmitglieder ausgeliehen. Diese Geb\u00fchr gilt auch f\u00fcr die Arbeit im Grundst\u00fcck eines Nichtmitglieds durch ein Vereinsmitglied.<\/li>\n\n\n\n<li>Es k\u00f6nnen nur die auf der Liste aufgef\u00fchrten Ger\u00e4te ausgeliehen werden.<\/li>\n<\/ul>\n\n\n\n<p><strong>Mit Hilfe der Geb\u00fchren werden Reparaturen und Ersatzteile finanziert.<\/strong><\/p>\n\n\n\n<div class=\"wp-block-file\"><a id=\"wp-block-file--media-cbe9c003-0576-42c8-8cb6-3374ec410dbc\" href=\"https:\/\/gbv-haidhof-riedenburg.de\/wp-content\/uploads\/2023\/04\/GBV_Leihgeraete_2023_05.pdf\" target=\"_blank\" rel=\"noreferrer noopener\">GBV_Leihgeraete_2023_05<\/a><a href=\"https:\/\/gbv-haidhof-riedenburg.de\/wp-content\/uploads\/2023\/04\/GBV_Leihgeraete_2023_05.pdf\" class=\"wp-block-file__button wp-element-button\" download aria-describedby=\"wp-block-file--media-cbe9c003-0576-42c8-8cb6-3374ec410dbc\">Herunterladen<\/a><\/div>\n","protected":false},"excerpt":{"rendered":"<p>Liste der Leihger\u00e4te Geb\u00fchren f\u00fcr das Ausleihen:Mitglieder: 3 \u20acNichtmitglieder: 10 \u20acBenzin: 1 \u20ac Kontakt Herr Bader Tel.: 09442 \/ 9063964 oder 08461 \/ 64 16 27 Gro\u00dfer Vertikutierer Kleiner Vertikutierer Hochdruckreiniger mit Pflasterreiniger (Starkstrom) Heckenschere Heckenschere (elektrisch Lichtstrom) H\u00e4cksler (Starkstrom) Motorsense gro\u00df Motorsense klein Motorhacke Presse (Obst) Elektrische Kettens\u00e4ge (Lichtstrom) Holzspalter (Starkstrom) Spr\u00fchger\u00e4t Baumhochentaster (Akku) <a class=\"read-more\" href=\"https:\/\/gbv-haidhof-riedenburg.de\/?page_id=93\">Read More<\/a><\/p>\n","protected":false},"author":1,"featured_media":110,"parent":0,"menu_order":4,"comment_status":"closed","ping_status":"closed","template":"page-templates\/full-width-page.php","meta":{"footnotes":""},"class_list":["post-93","page","type-page","status-publish","has-post-thumbnail","hentry","with-featured-image"],"_links":{"self":[{"href":"https:\/\/gbv-haidhof-riedenburg.de\/index.php?rest_route=\/wp\/v2\/pages\/93","targetHints":{"allow":["GET"]}}],"collection":[{"href":"https:\/\/gbv-haidhof-riedenburg.de\/index.php?rest_route=\/wp\/v2\/pages"}],"about":[{"href":"https:\/\/gbv-haidhof-riedenburg.de\/index.php?rest_route=\/wp\/v2\/types\/page"}],"author":[{"embeddable":true,"href":"https:\/\/gbv-haidhof-riedenburg.de\/index.php?rest_route=\/wp\/v2\/users\/1"}],"replies":[{"embeddable":true,"href":"https:\/\/gbv-haidhof-riedenburg.de\/index.php?rest_route=%2Fwp%2Fv2%2Fcomments&post=93"}],"version-history":[{"count":21,"href":"https:\/\/gbv-haidhof-riedenburg.de\/index.php?rest_route=\/wp\/v2\/pages\/93\/revisions"}],"predecessor-version":[{"id":1525,"href":"https:\/\/gbv-haidhof-riedenburg.de\/index.php?rest_route=\/wp\/v2\/pages\/93\/revisions\/1525"}],"wp:featuredmedia":[{"embeddable":true,"href":"https:\/\/gbv-haidhof-riedenburg.de\/index.php?rest_route=\/wp\/v2\/media\/110"}],"wp:attachment":[{"href":"https:\/\/gbv-haidhof-riedenburg.de\/index.php?rest_route=%2Fwp%2Fv2%2Fmedia&parent=93"}],"curies":[{"name":"wp","href":"https:\/\/api.w.org\/{rel}","templated":true}]}}